{"id":2748,"date":"2025-05-12T14:20:27","date_gmt":"2025-05-12T14:20:27","guid":{"rendered":"https:\/\/8am-china.com\/contact\/"},"modified":"2025-06-16T09:08:11","modified_gmt":"2025-06-16T09:08:11","slug":"contact","status":"publish","type":"page","link":"https:\/\/8am-china.com\/fr\/contact\/","title":{"rendered":"Contact"},"content":{"rendered":"\t\t<div data-elementor-type=\"wp-page\" data-elementor-id=\"2748\" class=\"elementor elementor-2748 elementor-338\" data-elementor-post-type=\"page\">\n\t\t\t\t<div class=\"elementor-element elementor-element-b71c3e0 e-con-full e-flex e-con e-parent\" data-id=\"b71c3e0\" data-element_type=\"container\" data-e-type=\"container\" data-settings=\"{&quot;background_background&quot;:&quot;classic&quot;,&quot;jet_parallax_layout_list&quot;:[]}\">\n\t\t\t\t<div class=\"elementor-element elementor-element-5b09d06 elementor-absolute elementor-widget elementor-widget-image\" data-id=\"5b09d06\" data-element_type=\"widget\" data-e-type=\"widget\" data-settings=\"{&quot;_position&quot;:&quot;absolute&quot;}\" data-widget_type=\"image.default\">\n\t\t\t\t<div class=\"elementor-widget-container\">\n\t\t\t\t\t\t\t\t\t\t\t\t\t\t\t<img fetchpriority=\"high\" decoding=\"async\" width=\"410\" height=\"654\" src=\"https:\/\/8am-china.com\/wp-content\/uploads\/2025\/05\/2025_Logo_8AMChina_Icone-1.svg\" class=\"attachment-large size-large wp-image-2661\" alt=\"\" \/>\t\t\t\t\t\t\t\t\t\t\t\t\t\t\t<\/div>\n\t\t\t\t<\/div>\n\t\t\t\t<div class=\"elementor-element elementor-element-f396e89 elementor-absolute elementor-widget elementor-widget-image\" data-id=\"f396e89\" data-element_type=\"widget\" data-e-type=\"widget\" data-settings=\"{&quot;_position&quot;:&quot;absolute&quot;}\" data-widget_type=\"image.default\">\n\t\t\t\t<div class=\"elementor-widget-container\">\n\t\t\t\t\t\t\t\t\t\t\t\t\t\t\t<img decoding=\"async\" width=\"272\" height=\"671\" src=\"https:\/\/8am-china.com\/wp-content\/uploads\/2025\/05\/2025_Logo_8AMChina_Icone-2.svg\" class=\"attachment-large size-large wp-image-2662\" alt=\"\" \/>\t\t\t\t\t\t\t\t\t\t\t\t\t\t\t<\/div>\n\t\t\t\t<\/div>\n\t\t<div class=\"elementor-element elementor-element-d98630c e-flex e-con-boxed e-con e-child\" data-id=\"d98630c\" data-element_type=\"container\" data-e-type=\"container\" data-settings=\"{&quot;jet_parallax_layout_list&quot;:[]}\">\n\t\t\t\t\t<div class=\"e-con-inner\">\n\t\t<div class=\"elementor-element elementor-element-7bd5a70 e-con-full e-flex e-con e-child\" data-id=\"7bd5a70\" data-element_type=\"container\" data-e-type=\"container\" data-settings=\"{&quot;background_background&quot;:&quot;classic&quot;,&quot;jet_parallax_layout_list&quot;:[]}\">\n\t\t\t\t<div class=\"elementor-element elementor-element-ac9bc72 elementor-widget elementor-widget-heading\" data-id=\"ac9bc72\" data-element_type=\"widget\" data-e-type=\"widget\" data-widget_type=\"heading.default\">\n\t\t\t\t<div class=\"elementor-widget-container\">\n\t\t\t\t\t<div class=\"elementor-heading-title elementor-size-default\">contactez-nous<\/div>\t\t\t\t<\/div>\n\t\t\t\t<\/div>\n\t\t\t\t<div class=\"elementor-element elementor-element-b874c4d elementor-widget elementor-widget-heading\" data-id=\"b874c4d\" data-element_type=\"widget\" data-e-type=\"widget\" data-widget_type=\"heading.default\">\n\t\t\t\t<div class=\"elementor-widget-container\">\n\t\t\t\t\t<h2 class=\"elementor-heading-title elementor-size-default\">Contactez-nous pour toute assistance<\/h2>\t\t\t\t<\/div>\n\t\t\t\t<\/div>\n\t\t\t\t<div class=\"elementor-element elementor-element-2fbee40 elementor-widget elementor-widget-text-editor\" data-id=\"2fbee40\" data-element_type=\"widget\" data-e-type=\"widget\" data-widget_type=\"text-editor.default\">\n\t\t\t\t<div class=\"elementor-widget-container\">\n\t\t\t\t\t\t\t\t\tNous sommes \u00e0 votre disposition pour vous aider du lundi au dimanche de 8h \u00e0 21h.  \t\t\t\t\t\t\t\t<\/div>\n\t\t\t\t<\/div>\n\t\t\t\t<div class=\"elementor-element elementor-element-fe51ca0 elementor-position-inline-start elementor-widget-mobile__width-inherit elementor-view-default elementor-mobile-position-block-start elementor-widget elementor-widget-icon-box\" data-id=\"fe51ca0\" data-element_type=\"widget\" data-e-type=\"widget\" data-widget_type=\"icon-box.default\">\n\t\t\t\t<div class=\"elementor-widget-container\">\n\t\t\t\t\t\t\t<div class=\"elementor-icon-box-wrapper\">\n\n\t\t\t\t\t\t<div class=\"elementor-icon-box-icon\">\n\t\t\t\t<a href=\"mailto:hello@8amgroup.be\" class=\"elementor-icon\" tabindex=\"-1\" aria-label=\"Courrier \u00e9lectronique\">\n\t\t\t\t<svg xmlns=\"http:\/\/www.w3.org\/2000\/svg\" width=\"52\" height=\"53\" viewBox=\"0 0 52 53\" fill=\"none\"><rect y=\"0.5\" width=\"52\" height=\"52\" rx=\"26\" fill=\"white\"><\/rect><path d=\"M37.875 33.5L29.5714 26M22.4286 26L14.125 33.5M13.5 19.75L23.7061 26.8943C24.5326 27.4728 24.9458 27.7621 25.3953 27.8741C25.7924 27.9731 26.2076 27.9731 26.6047 27.8741C27.0542 27.7621 27.4674 27.4728 28.2938 26.8943L38.5 19.75M19.5 36H32.5C34.6002 36 35.6503 36 36.4525 35.5913C37.1581 35.2317 37.7317 34.6581 38.0913 33.9525C38.5 33.1503 38.5 32.1002 38.5 30V22C38.5 19.8998 38.5 18.8497 38.0913 18.0475C37.7317 17.3419 37.1581 16.7683 36.4525 16.4087C35.6503 16 34.6002 16 32.5 16H19.5C17.3998 16 16.3497 16 15.5475 16.4087C14.8419 16.7683 14.2683 17.3419 13.9087 18.0475C13.5 18.8497 13.5 19.8998 13.5 22V30C13.5 32.1002 13.5 33.1503 13.9087 33.9525C14.2683 34.6581 14.8419 35.2317 15.5475 35.5913C16.3497 36 17.3998 36 19.5 36Z\" stroke=\"#6849FF\" stroke-width=\"2.5\" stroke-linecap=\"round\" stroke-linejoin=\"round\"><\/path><\/svg>\t\t\t\t<\/a>\n\t\t\t<\/div>\n\t\t\t\n\t\t\t\t\t\t<div class=\"elementor-icon-box-content\">\n\n\t\t\t\t\t\t\t\t\t<h3 class=\"elementor-icon-box-title\">\n\t\t\t\t\t\t<a href=\"mailto:hello@8amgroup.be\" >\n\t\t\t\t\t\t\tCourrier \u00e9lectronique\t\t\t\t\t\t<\/a>\n\t\t\t\t\t<\/h3>\n\t\t\t\t\n\t\t\t\t\t\t\t\t\t<p class=\"elementor-icon-box-description\">\n\t\t\t\t\t\thello@8amgroup.be\t\t\t\t\t<\/p>\n\t\t\t\t\n\t\t\t<\/div>\n\t\t\t\n\t\t<\/div>\n\t\t\t\t\t\t<\/div>\n\t\t\t\t<\/div>\n\t\t\t\t<div class=\"elementor-element elementor-element-0c7d409 elementor-widget elementor-widget-spacer\" data-id=\"0c7d409\" data-element_type=\"widget\" data-e-type=\"widget\" data-widget_type=\"spacer.default\">\n\t\t\t\t<div class=\"elementor-widget-container\">\n\t\t\t\t\t\t\t<div class=\"elementor-spacer\">\n\t\t\t<div class=\"elementor-spacer-inner\"><\/div>\n\t\t<\/div>\n\t\t\t\t\t\t<\/div>\n\t\t\t\t<\/div>\n\t\t\t\t<div class=\"elementor-element elementor-element-049895f elementor-position-inline-start elementor-widget-mobile__width-inherit elementor-view-default elementor-mobile-position-block-start elementor-widget elementor-widget-icon-box\" data-id=\"049895f\" data-element_type=\"widget\" data-e-type=\"widget\" data-widget_type=\"icon-box.default\">\n\t\t\t\t<div class=\"elementor-widget-container\">\n\t\t\t\t\t\t\t<div class=\"elementor-icon-box-wrapper\">\n\n\t\t\t\t\t\t<div class=\"elementor-icon-box-icon\">\n\t\t\t\t<a href=\"https:\/\/www.google.ro\/maps\/@45.6499735,25.6287037,14z?entry=ttu&#038;g_ep=EgoyMDI1MDUwNy4wIKXMDSoASAFQAw%3D%3D\" target=\"_blank\" class=\"elementor-icon\" tabindex=\"-1\" aria-label=\"Localisation\">\n\t\t\t\t<svg xmlns=\"http:\/\/www.w3.org\/2000\/svg\" width=\"52\" height=\"53\" viewBox=\"0 0 52 53\" fill=\"none\"><rect y=\"0.5\" width=\"52\" height=\"52\" rx=\"26\" fill=\"white\"><\/rect><path d=\"M26 27.25C28.0711 27.25 29.75 25.5711 29.75 23.5C29.75 21.4289 28.0711 19.75 26 19.75C23.9289 19.75 22.25 21.4289 22.25 23.5C22.25 25.5711 23.9289 27.25 26 27.25Z\" stroke=\"#6849FF\" stroke-width=\"2.5\" stroke-linecap=\"round\" stroke-linejoin=\"round\"><\/path><path d=\"M26 38.5C31 33.5 36 29.0228 36 23.5C36 17.9772 31.5228 13.5 26 13.5C20.4772 13.5 16 17.9772 16 23.5C16 29.0228 21 33.5 26 38.5Z\" stroke=\"#6849FF\" stroke-width=\"2.5\" stroke-linecap=\"round\" stroke-linejoin=\"round\"><\/path><\/svg>\t\t\t\t<\/a>\n\t\t\t<\/div>\n\t\t\t\n\t\t\t\t\t\t<div class=\"elementor-icon-box-content\">\n\n\t\t\t\t\t\t\t\t\t<h3 class=\"elementor-icon-box-title\">\n\t\t\t\t\t\t<a href=\"https:\/\/www.google.ro\/maps\/@45.6499735,25.6287037,14z?entry=ttu&#038;g_ep=EgoyMDI1MDUwNy4wIKXMDSoASAFQAw%3D%3D\" target=\"_blank\" >\n\t\t\t\t\t\t\tLocalisation\t\t\t\t\t\t<\/a>\n\t\t\t\t\t<\/h3>\n\t\t\t\t\n\t\t\t\t\t\t\t\t\t<p class=\"elementor-icon-box-description\">\n\t\t\t\t\t\tBd Louis Schmidt 29, 1040 Etterbeek, Belgique\t\t\t\t\t<\/p>\n\t\t\t\t\n\t\t\t<\/div>\n\t\t\t\n\t\t<\/div>\n\t\t\t\t\t\t<\/div>\n\t\t\t\t<\/div>\n\t\t\t\t<\/div>\n\t\t<div class=\"elementor-element elementor-element-62391ae e-con-full e-flex e-con e-child\" data-id=\"62391ae\" data-element_type=\"container\" data-e-type=\"container\" data-settings=\"{&quot;jet_parallax_layout_list&quot;:[],&quot;background_background&quot;:&quot;classic&quot;}\">\n\t\t\t\t<div class=\"elementor-element elementor-element-c46e568 elementor-widget elementor-widget-heading\" data-id=\"c46e568\" data-element_type=\"widget\" data-e-type=\"widget\" data-widget_type=\"heading.default\">\n\t\t\t\t<div class=\"elementor-widget-container\">\n\t\t\t\t\t<h4 class=\"elementor-heading-title elementor-size-default\">Besoin d'aide ?<\/h4>\t\t\t\t<\/div>\n\t\t\t\t<\/div>\n\t\t\t\t<div class=\"elementor-element elementor-element-d40ae62 elementor-button-align-stretch elementor-widget elementor-widget-form\" data-id=\"d40ae62\" data-element_type=\"widget\" data-e-type=\"widget\" data-settings=\"{&quot;step_next_label&quot;:&quot;Suivant&quot;,&quot;step_previous_label&quot;:&quot;Pr\\u00e9c\\u00e9dent&quot;,&quot;button_width&quot;:&quot;100&quot;,&quot;step_type&quot;:&quot;number_text&quot;,&quot;step_icon_shape&quot;:&quot;circle&quot;}\" data-widget_type=\"form.default\">\n\t\t\t\t<div class=\"elementor-widget-container\">\n\t\t\t\t\t\t\t<form class=\"elementor-form\" method=\"post\" name=\"Formulaire de contact 8h\" aria-label=\"Formulaire de contact 8h\">\n\t\t\t<input type=\"hidden\" name=\"post_id\" value=\"2748\"\/>\n\t\t\t<input type=\"hidden\" name=\"form_id\" value=\"d40ae62\"\/>\n\t\t\t<input type=\"hidden\" name=\"referer_title\" value=\"8AM Group\" \/>\n\n\t\t\t\n\t\t\t<div class=\"elementor-form-fields-wrapper elementor-labels-above\">\n\t\t\t\t\t\t\t\t<div class=\"elementor-field-type-text elementor-field-group elementor-column elementor-field-group-name elementor-col-50\">\n\t\t\t\t\t\t\t\t\t\t\t\t<label for=\"form-field-name\" class=\"elementor-field-label\">\n\t\t\t\t\t\t\t\tPr\u00e9nom\t\t\t\t\t\t\t<\/label>\n\t\t\t\t\t\t\t\t\t\t\t\t\t\t<input size=\"1\" type=\"text\" name=\"form_fields[name]\" id=\"form-field-name\" class=\"elementor-field elementor-size-sm  elementor-field-textual\" placeholder=\"Pr\u00e9nom\">\n\t\t\t\t\t\t\t\t\t\t\t<\/div>\n\t\t\t\t\t\t\t\t<div class=\"elementor-field-type-text elementor-field-group elementor-column elementor-field-group-field_9c5319d elementor-col-50\">\n\t\t\t\t\t\t\t\t\t\t\t\t<label for=\"form-field-field_9c5319d\" class=\"elementor-field-label\">\n\t\t\t\t\t\t\t\tNom de famille\t\t\t\t\t\t\t<\/label>\n\t\t\t\t\t\t\t\t\t\t\t\t\t\t<input size=\"1\" type=\"text\" name=\"form_fields[field_9c5319d]\" id=\"form-field-field_9c5319d\" class=\"elementor-field elementor-size-sm  elementor-field-textual\" placeholder=\"Nom de famille\">\n\t\t\t\t\t\t\t\t\t\t\t<\/div>\n\t\t\t\t\t\t\t\t<div class=\"elementor-field-type-email elementor-field-group elementor-column elementor-field-group-email elementor-col-100 elementor-field-required\">\n\t\t\t\t\t\t\t\t\t\t\t\t<label for=\"form-field-email\" class=\"elementor-field-label\">\n\t\t\t\t\t\t\t\tCourriel\t\t\t\t\t\t\t<\/label>\n\t\t\t\t\t\t\t\t\t\t\t\t\t\t<input size=\"1\" type=\"email\" name=\"form_fields[email]\" id=\"form-field-email\" class=\"elementor-field elementor-size-sm  elementor-field-textual\" placeholder=\"Courriel\" required=\"required\">\n\t\t\t\t\t\t\t\t\t\t\t<\/div>\n\t\t\t\t\t\t\t\t<div class=\"elementor-field-type-textarea elementor-field-group elementor-column elementor-field-group-message elementor-col-100\">\n\t\t\t\t\t\t\t\t\t\t\t\t<label for=\"form-field-message\" class=\"elementor-field-label\">\n\t\t\t\t\t\t\t\tMessage\t\t\t\t\t\t\t<\/label>\n\t\t\t\t\t\t<textarea class=\"elementor-field-textual elementor-field  elementor-size-sm\" name=\"form_fields[message]\" id=\"form-field-message\" rows=\"4\" placeholder=\"Message\"><\/textarea>\t\t\t\t<\/div>\n\t\t\t\t\t\t\t\t<div class=\"elementor-field-group elementor-column elementor-field-type-submit elementor-col-100 e-form__buttons\">\n\t\t\t\t\t<button class=\"elementor-button elementor-size-sm\" type=\"submit\">\n\t\t\t\t\t\t<span class=\"elementor-button-content-wrapper\">\n\t\t\t\t\t\t\t\t\t\t\t\t\t\t\t\t\t\t\t\t\t\t<span class=\"elementor-button-text\">Envoyer un message<\/span>\n\t\t\t\t\t\t\t\t\t\t\t\t\t<\/span>\n\t\t\t\t\t<\/button>\n\t\t\t\t<\/div>\n\t\t\t<\/div>\n\t\t<\/form>\n\t\t\t\t\t\t<\/div>\n\t\t\t\t<\/div>\n\t\t\t\t<\/div>\n\t\t\t\t\t<\/div>\n\t\t\t\t<\/div>\n\t\t\t\t<\/div>\n\t\t<div class=\"elementor-element elementor-element-ddaedf5 e-flex e-con-boxed e-con e-parent\" data-id=\"ddaedf5\" data-element_type=\"container\" data-e-type=\"container\" data-settings=\"{&quot;background_background&quot;:&quot;classic&quot;,&quot;jet_parallax_layout_list&quot;:[]}\">\n\t\t\t\t\t<div class=\"e-con-inner\">\n\t\t<div class=\"elementor-element elementor-element-57032d4 e-con-full e-flex e-con e-child\" data-id=\"57032d4\" data-element_type=\"container\" data-e-type=\"container\" data-settings=\"{&quot;jet_parallax_layout_list&quot;:[]}\">\n\t\t\t\t<div class=\"elementor-element elementor-element-2a47eb8 elementor-widget elementor-widget-heading\" data-id=\"2a47eb8\" data-element_type=\"widget\" data-e-type=\"widget\" data-widget_type=\"heading.default\">\n\t\t\t\t<div class=\"elementor-widget-container\">\n\t\t\t\t\t<div class=\"elementor-heading-title elementor-size-default\">Ne tardez pas<\/div>\t\t\t\t<\/div>\n\t\t\t\t<\/div>\n\t\t\t\t<div class=\"elementor-element elementor-element-746f4aa elementor-widget__width-initial elementor-widget-mobile__width-inherit elementor-widget elementor-widget-heading\" data-id=\"746f4aa\" data-element_type=\"widget\" data-e-type=\"widget\" data-widget_type=\"heading.default\">\n\t\t\t\t<div class=\"elementor-widget-container\">\n\t\t\t\t\t<h3 class=\"elementor-heading-title elementor-size-default\">Pr\u00eat \u00e0 d\u00e9velopper votre marque en Chine en toute confiance ?<\/h3>\t\t\t\t<\/div>\n\t\t\t\t<\/div>\n\t\t\t\t<div class=\"elementor-element elementor-element-8a7afa8 elementor-widget__width-initial elementor-widget-mobile__width-inherit elementor-widget elementor-widget-text-editor\" data-id=\"8a7afa8\" data-element_type=\"widget\" data-e-type=\"widget\" data-widget_type=\"text-editor.default\">\n\t\t\t\t<div class=\"elementor-widget-container\">\n\t\t\t\t\t\t\t\t\tContactez-nous pour une consultation gratuite.  \t\t\t\t\t\t\t\t<\/div>\n\t\t\t\t<\/div>\n\t\t\t\t<div class=\"elementor-element elementor-element-7308a38 elementor-align-center with-show elementor-widget elementor-widget-button\" data-id=\"7308a38\" data-element_type=\"widget\" data-e-type=\"widget\" data-widget_type=\"button.default\">\n\t\t\t\t<div class=\"elementor-widget-container\">\n\t\t\t\t\t\t\t\t\t<div class=\"elementor-button-wrapper\">\n\t\t\t\t\t<a class=\"elementor-button elementor-button-link elementor-size-sm\" href=\"https:\/\/8am-china.com\/fr\/contact\/\">\n\t\t\t\t\t\t<span class=\"elementor-button-content-wrapper\">\n\t\t\t\t\t\t\t\t\t<span class=\"elementor-button-text\">Parlez-nous<\/span>\n\t\t\t\t\t<\/span>\n\t\t\t\t\t<\/a>\n\t\t\t\t<\/div>\n\t\t\t\t\t\t\t\t<\/div>\n\t\t\t\t<\/div>\n\t\t\t\t<\/div>\n\t\t\t\t\t<\/div>\n\t\t\t\t<\/div>\n\t\t\t\t<\/div>\n\t\t","protected":false},"excerpt":{"rendered":"<p>contactez-nous Contactez-nous pour toute assistance Nous sommes \u00e0 votre disposition pour vous aider du lundi au dimanche de 8h \u00e0 21h. Courrier \u00e9lectronique hello@8amgroup.be Localisation Bd Louis Schmidt 29, 1040 Etterbeek, Belgique Besoin d&rsquo;aide ? Ne tardez pas Pr\u00eat \u00e0 d\u00e9velopper votre marque en Chine en toute confiance ? Contactez-nous pour une consultation gratuite. Parlez-nous<\/p>\n","protected":false},"author":1,"featured_media":2687,"parent":0,"menu_order":0,"comment_status":"closed","ping_status":"closed","template":"","meta":{"footnotes":""},"class_list":["post-2748","page","type-page","status-publish","has-post-thumbnail","hentry"],"yoast_head":"<!-- This site is optimized with the Yoast SEO plugin v27.1.1 - https:\/\/yoast.com\/product\/yoast-seo-wordpress\/ -->\n<title>Contact - 8AM Group<\/title>\n<meta name=\"description\" content=\"Le groupe de 8 heures est disponible, alors contactez-nous pour toute assistance du lundi au dimanche, de 8 heures \u00e0 21 heures. Dans l&#039;attente de votre r\u00e9ponse, nous vous prions d&#039;agr\u00e9er, Madame, Monsieur, l&#039;expression de nos salutations distingu\u00e9es.\" \/>\n<meta name=\"robots\" content=\"index, follow, max-snippet:-1, max-image-preview:large, max-video-preview:-1\" \/>\n<link rel=\"canonical\" href=\"https:\/\/8am-china.com\/fr\/contact\/\" \/>\n<meta property=\"og:locale\" content=\"fr_FR\" \/>\n<meta property=\"og:type\" content=\"article\" \/>\n<meta property=\"og:title\" content=\"Contact - 8AM Group\" \/>\n<meta property=\"og:description\" content=\"Le groupe de 8 heures est disponible, alors contactez-nous pour toute assistance du lundi au dimanche, de 8 heures \u00e0 21 heures. Dans l&#039;attente de votre r\u00e9ponse, nous vous prions d&#039;agr\u00e9er, Madame, Monsieur, l&#039;expression de nos salutations distingu\u00e9es.\" \/>\n<meta property=\"og:url\" content=\"https:\/\/8am-china.com\/fr\/contact\/\" \/>\n<meta property=\"og:site_name\" content=\"8AM Group\" \/>\n<meta property=\"article:modified_time\" content=\"2025-06-16T09:08:11+00:00\" \/>\n<meta property=\"og:image\" content=\"https:\/\/8am-china.com\/wp-content\/uploads\/2025\/05\/8am-group-1-scaled.jpg\" \/>\n\t<meta property=\"og:image:width\" content=\"2560\" \/>\n\t<meta property=\"og:image:height\" content=\"1575\" \/>\n\t<meta property=\"og:image:type\" content=\"image\/jpeg\" \/>\n<meta name=\"twitter:card\" content=\"summary_large_image\" \/>\n<script type=\"application\/ld+json\" class=\"yoast-schema-graph\">{\"@context\":\"https:\/\/schema.org\",\"@graph\":[{\"@type\":\"WebPage\",\"@id\":\"https:\/\/8am-china.com\/fr\/contact\/\",\"url\":\"https:\/\/8am-china.com\/fr\/contact\/\",\"name\":\"Contact - 8AM Group\",\"isPartOf\":{\"@id\":\"https:\/\/8am-china.com\/fr\/#website\"},\"primaryImageOfPage\":{\"@id\":\"https:\/\/8am-china.com\/fr\/contact\/#primaryimage\"},\"image\":{\"@id\":\"https:\/\/8am-china.com\/fr\/contact\/#primaryimage\"},\"thumbnailUrl\":\"https:\/\/8am-china.com\/wp-content\/uploads\/2025\/05\/8am-group-1-scaled.jpg\",\"datePublished\":\"2025-05-12T14:20:27+00:00\",\"dateModified\":\"2025-06-16T09:08:11+00:00\",\"description\":\"Le groupe de 8 heures est disponible, alors contactez-nous pour toute assistance du lundi au dimanche, de 8 heures \u00e0 21 heures. Dans l'attente de votre r\u00e9ponse, nous vous prions d'agr\u00e9er, Madame, Monsieur, l'expression de nos salutations distingu\u00e9es.\",\"breadcrumb\":{\"@id\":\"https:\/\/8am-china.com\/fr\/contact\/#breadcrumb\"},\"inLanguage\":\"fr-FR\",\"potentialAction\":[{\"@type\":\"ReadAction\",\"target\":[\"https:\/\/8am-china.com\/fr\/contact\/\"]}]},{\"@type\":\"ImageObject\",\"inLanguage\":\"fr-FR\",\"@id\":\"https:\/\/8am-china.com\/fr\/contact\/#primaryimage\",\"url\":\"https:\/\/8am-china.com\/wp-content\/uploads\/2025\/05\/8am-group-1-scaled.jpg\",\"contentUrl\":\"https:\/\/8am-china.com\/wp-content\/uploads\/2025\/05\/8am-group-1-scaled.jpg\",\"width\":2560,\"height\":1575,\"caption\":\"8am group\"},{\"@type\":\"BreadcrumbList\",\"@id\":\"https:\/\/8am-china.com\/fr\/contact\/#breadcrumb\",\"itemListElement\":[{\"@type\":\"ListItem\",\"position\":1,\"name\":\"Home\",\"item\":\"https:\/\/8am-china.com\/fr\/\"},{\"@type\":\"ListItem\",\"position\":2,\"name\":\"Contact\"}]},{\"@type\":\"WebSite\",\"@id\":\"https:\/\/8am-china.com\/fr\/#website\",\"url\":\"https:\/\/8am-china.com\/fr\/\",\"name\":\"8AM Group\",\"description\":\"\",\"publisher\":{\"@id\":\"https:\/\/8am-china.com\/fr\/#organization\"},\"potentialAction\":[{\"@type\":\"SearchAction\",\"target\":{\"@type\":\"EntryPoint\",\"urlTemplate\":\"https:\/\/8am-china.com\/fr\/?s={search_term_string}\"},\"query-input\":{\"@type\":\"PropertyValueSpecification\",\"valueRequired\":true,\"valueName\":\"search_term_string\"}}],\"inLanguage\":\"fr-FR\"},{\"@type\":\"Organization\",\"@id\":\"https:\/\/8am-china.com\/fr\/#organization\",\"name\":\"8AM Group\",\"url\":\"https:\/\/8am-china.com\/fr\/\",\"logo\":{\"@type\":\"ImageObject\",\"inLanguage\":\"fr-FR\",\"@id\":\"https:\/\/8am-china.com\/fr\/#\/schema\/logo\/image\/\",\"url\":\"https:\/\/8am-china.com\/wp-content\/uploads\/2025\/05\/2025_Logo_8AMChina_Logo-horizontal-1.svg\",\"contentUrl\":\"https:\/\/8am-china.com\/wp-content\/uploads\/2025\/05\/2025_Logo_8AMChina_Logo-horizontal-1.svg\",\"width\":142,\"height\":38,\"caption\":\"8AM Group\"},\"image\":{\"@id\":\"https:\/\/8am-china.com\/fr\/#\/schema\/logo\/image\/\"}}]}<\/script>\n<!-- \/ Yoast SEO plugin. -->","yoast_head_json":{"title":"Contact - 8AM Group","description":"Le groupe de 8 heures est disponible, alors contactez-nous pour toute assistance du lundi au dimanche, de 8 heures \u00e0 21 heures. Dans l'attente de votre r\u00e9ponse, nous vous prions d'agr\u00e9er, Madame, Monsieur, l'expression de nos salutations distingu\u00e9es.","robots":{"index":"index","follow":"follow","max-snippet":"max-snippet:-1","max-image-preview":"max-image-preview:large","max-video-preview":"max-video-preview:-1"},"canonical":"https:\/\/8am-china.com\/fr\/contact\/","og_locale":"fr_FR","og_type":"article","og_title":"Contact - 8AM Group","og_description":"Le groupe de 8 heures est disponible, alors contactez-nous pour toute assistance du lundi au dimanche, de 8 heures \u00e0 21 heures. Dans l'attente de votre r\u00e9ponse, nous vous prions d'agr\u00e9er, Madame, Monsieur, l'expression de nos salutations distingu\u00e9es.","og_url":"https:\/\/8am-china.com\/fr\/contact\/","og_site_name":"8AM Group","article_modified_time":"2025-06-16T09:08:11+00:00","og_image":[{"width":2560,"height":1575,"url":"https:\/\/8am-china.com\/wp-content\/uploads\/2025\/05\/8am-group-1-scaled.jpg","type":"image\/jpeg"}],"twitter_card":"summary_large_image","schema":{"@context":"https:\/\/schema.org","@graph":[{"@type":"WebPage","@id":"https:\/\/8am-china.com\/fr\/contact\/","url":"https:\/\/8am-china.com\/fr\/contact\/","name":"Contact - 8AM Group","isPartOf":{"@id":"https:\/\/8am-china.com\/fr\/#website"},"primaryImageOfPage":{"@id":"https:\/\/8am-china.com\/fr\/contact\/#primaryimage"},"image":{"@id":"https:\/\/8am-china.com\/fr\/contact\/#primaryimage"},"thumbnailUrl":"https:\/\/8am-china.com\/wp-content\/uploads\/2025\/05\/8am-group-1-scaled.jpg","datePublished":"2025-05-12T14:20:27+00:00","dateModified":"2025-06-16T09:08:11+00:00","description":"Le groupe de 8 heures est disponible, alors contactez-nous pour toute assistance du lundi au dimanche, de 8 heures \u00e0 21 heures. Dans l'attente de votre r\u00e9ponse, nous vous prions d'agr\u00e9er, Madame, Monsieur, l'expression de nos salutations distingu\u00e9es.","breadcrumb":{"@id":"https:\/\/8am-china.com\/fr\/contact\/#breadcrumb"},"inLanguage":"fr-FR","potentialAction":[{"@type":"ReadAction","target":["https:\/\/8am-china.com\/fr\/contact\/"]}]},{"@type":"ImageObject","inLanguage":"fr-FR","@id":"https:\/\/8am-china.com\/fr\/contact\/#primaryimage","url":"https:\/\/8am-china.com\/wp-content\/uploads\/2025\/05\/8am-group-1-scaled.jpg","contentUrl":"https:\/\/8am-china.com\/wp-content\/uploads\/2025\/05\/8am-group-1-scaled.jpg","width":2560,"height":1575,"caption":"8am group"},{"@type":"BreadcrumbList","@id":"https:\/\/8am-china.com\/fr\/contact\/#breadcrumb","itemListElement":[{"@type":"ListItem","position":1,"name":"Home","item":"https:\/\/8am-china.com\/fr\/"},{"@type":"ListItem","position":2,"name":"Contact"}]},{"@type":"WebSite","@id":"https:\/\/8am-china.com\/fr\/#website","url":"https:\/\/8am-china.com\/fr\/","name":"8AM Group","description":"","publisher":{"@id":"https:\/\/8am-china.com\/fr\/#organization"},"potentialAction":[{"@type":"SearchAction","target":{"@type":"EntryPoint","urlTemplate":"https:\/\/8am-china.com\/fr\/?s={search_term_string}"},"query-input":{"@type":"PropertyValueSpecification","valueRequired":true,"valueName":"search_term_string"}}],"inLanguage":"fr-FR"},{"@type":"Organization","@id":"https:\/\/8am-china.com\/fr\/#organization","name":"8AM Group","url":"https:\/\/8am-china.com\/fr\/","logo":{"@type":"ImageObject","inLanguage":"fr-FR","@id":"https:\/\/8am-china.com\/fr\/#\/schema\/logo\/image\/","url":"https:\/\/8am-china.com\/wp-content\/uploads\/2025\/05\/2025_Logo_8AMChina_Logo-horizontal-1.svg","contentUrl":"https:\/\/8am-china.com\/wp-content\/uploads\/2025\/05\/2025_Logo_8AMChina_Logo-horizontal-1.svg","width":142,"height":38,"caption":"8AM Group"},"image":{"@id":"https:\/\/8am-china.com\/fr\/#\/schema\/logo\/image\/"}}]}},"_links":{"self":[{"href":"https:\/\/8am-china.com\/fr\/wp-json\/wp\/v2\/pages\/2748","targetHints":{"allow":["GET"]}}],"collection":[{"href":"https:\/\/8am-china.com\/fr\/wp-json\/wp\/v2\/pages"}],"about":[{"href":"https:\/\/8am-china.com\/fr\/wp-json\/wp\/v2\/types\/page"}],"author":[{"embeddable":true,"href":"https:\/\/8am-china.com\/fr\/wp-json\/wp\/v2\/users\/1"}],"replies":[{"embeddable":true,"href":"https:\/\/8am-china.com\/fr\/wp-json\/wp\/v2\/comments?post=2748"}],"version-history":[{"count":0,"href":"https:\/\/8am-china.com\/fr\/wp-json\/wp\/v2\/pages\/2748\/revisions"}],"wp:featuredmedia":[{"embeddable":true,"href":"https:\/\/8am-china.com\/fr\/wp-json\/wp\/v2\/media\/2687"}],"wp:attachment":[{"href":"https:\/\/8am-china.com\/fr\/wp-json\/wp\/v2\/media?parent=2748"}],"curies":[{"name":"wp","href":"https:\/\/api.w.org\/{rel}","templated":true}]}}