{"id":2754,"date":"2025-05-12T04:01:38","date_gmt":"2025-05-12T04:01:38","guid":{"rendered":"https:\/\/8am-china.com\/politique-de-confidentialite\/"},"modified":"2025-06-16T09:13:18","modified_gmt":"2025-06-16T09:13:18","slug":"politique-de-confidentialite","status":"publish","type":"page","link":"https:\/\/8am-china.com\/fr\/politique-de-confidentialite\/","title":{"rendered":"Politique de confidentialit\u00e9"},"content":{"rendered":"\t\t<div data-elementor-type=\"wp-page\" data-elementor-id=\"2754\" class=\"elementor elementor-2754 elementor-3\" data-elementor-post-type=\"page\">\n\t\t\t\t<div class=\"elementor-element elementor-element-7b248af e-con-full e-flex e-con e-parent\" data-id=\"7b248af\" data-element_type=\"container\" data-e-type=\"container\" data-settings=\"{&quot;background_background&quot;:&quot;classic&quot;,&quot;jet_parallax_layout_list&quot;:[]}\">\n\t\t\t\t<div class=\"elementor-element elementor-element-40ee024 elementor-absolute elementor-widget elementor-widget-image\" data-id=\"40ee024\" data-element_type=\"widget\" data-e-type=\"widget\" data-settings=\"{&quot;_position&quot;:&quot;absolute&quot;}\" data-widget_type=\"image.default\">\n\t\t\t\t<div class=\"elementor-widget-container\">\n\t\t\t\t\t\t\t\t\t\t\t\t\t\t\t<img fetchpriority=\"high\" decoding=\"async\" width=\"410\" height=\"654\" src=\"https:\/\/8am-china.com\/wp-content\/uploads\/2025\/05\/2025_Logo_8AMChina_Icone-1.svg\" class=\"attachment-large size-large wp-image-2661\" alt=\"\" \/>\t\t\t\t\t\t\t\t\t\t\t\t\t\t\t<\/div>\n\t\t\t\t<\/div>\n\t\t\t\t<div class=\"elementor-element elementor-element-536cfd3 elementor-absolute elementor-widget elementor-widget-image\" data-id=\"536cfd3\" data-element_type=\"widget\" data-e-type=\"widget\" data-settings=\"{&quot;_position&quot;:&quot;absolute&quot;}\" data-widget_type=\"image.default\">\n\t\t\t\t<div class=\"elementor-widget-container\">\n\t\t\t\t\t\t\t\t\t\t\t\t\t\t\t<img decoding=\"async\" width=\"272\" height=\"671\" src=\"https:\/\/8am-china.com\/wp-content\/uploads\/2025\/05\/2025_Logo_8AMChina_Icone-2.svg\" class=\"attachment-large size-large wp-image-2662\" alt=\"\" \/>\t\t\t\t\t\t\t\t\t\t\t\t\t\t\t<\/div>\n\t\t\t\t<\/div>\n\t\t<div class=\"elementor-element elementor-element-f68b4c0 e-flex e-con-boxed e-con e-child\" data-id=\"f68b4c0\" data-element_type=\"container\" data-e-type=\"container\" data-settings=\"{&quot;jet_parallax_layout_list&quot;:[]}\">\n\t\t\t\t\t<div class=\"e-con-inner\">\n\t\t<div class=\"elementor-element elementor-element-4ce4ba9 e-con-full e-flex e-con e-child\" data-id=\"4ce4ba9\" data-element_type=\"container\" data-e-type=\"container\" data-settings=\"{&quot;background_background&quot;:&quot;classic&quot;,&quot;jet_parallax_layout_list&quot;:[]}\">\n\t\t\t\t<div class=\"elementor-element elementor-element-559d056 elementor-widget elementor-widget-heading\" data-id=\"559d056\" data-element_type=\"widget\" data-e-type=\"widget\" data-widget_type=\"heading.default\">\n\t\t\t\t<div class=\"elementor-widget-container\">\n\t\t\t\t\t<h2 class=\"elementor-heading-title elementor-size-default\">Politique de confidentialit\u00e9<\/h2>\t\t\t\t<\/div>\n\t\t\t\t<\/div>\n\t\t\t\t<div class=\"elementor-element elementor-element-2cd2566 elementor-widget elementor-widget-text-editor\" data-id=\"2cd2566\" data-element_type=\"widget\" data-e-type=\"widget\" data-widget_type=\"text-editor.default\">\n\t\t\t\t<div class=\"elementor-widget-container\">\n\t\t\t\t\t\t\t\t\tLe Groupe 8am s&rsquo;engage \u00e0 prot\u00e9ger la vie priv\u00e9e de ses clients et des visiteurs de son site Web. Cette politique de confidentialit\u00e9 explique comment nous recueillons, utilisons et prot\u00e9geons vos informations personnelles.   \t\t\t\t\t\t\t\t<\/div>\n\t\t\t\t<\/div>\n\t\t\t\t<div class=\"elementor-element elementor-element-62274c0 elementor-widget elementor-widget-text-editor\" data-id=\"62274c0\" data-element_type=\"widget\" data-e-type=\"widget\" data-widget_type=\"text-editor.default\">\n\t\t\t\t<div class=\"elementor-widget-container\">\n\t\t\t\t\t\t\t\t\tNous recueillons les informations que vous nous fournissez volontairement lorsque vous.. :\t\t\t\t\t\t\t\t<\/div>\n\t\t\t\t<\/div>\n\t\t\t\t<div class=\"elementor-element elementor-element-c8b81af elementor-widget elementor-widget-text-editor\" data-id=\"c8b81af\" data-element_type=\"widget\" data-e-type=\"widget\" data-widget_type=\"text-editor.default\">\n\t\t\t\t<div class=\"elementor-widget-container\">\n\t\t\t\t\t\t\t\t\t<ul>\n<li>Remplir un formulaire de contact<\/li>\n<li>Demander un devis ou une proposition<\/li>\n<li>S&rsquo;abonner \u00e0 notre newsletter<\/li>\n<li>Inscrivez-vous \u00e0 nos \u00e9v\u00e9nements<\/li>\n<li>Utilisez nos services<\/li>\n<li>Postuler \u00e0 des offres d&#8217;emploi<\/li>\n<\/ul>\t\t\t\t\t\t\t\t<\/div>\n\t\t\t\t<\/div>\n\t\t\t\t<div class=\"elementor-element elementor-element-3fcb5cf elementor-widget elementor-widget-text-editor\" data-id=\"3fcb5cf\" data-element_type=\"widget\" data-e-type=\"widget\" data-widget_type=\"text-editor.default\">\n\t\t\t\t<div class=\"elementor-widget-container\">\n\t\t\t\t\t\t\t\t\tCes informations peuvent inclure votre nom, votre adresse, votre num\u00e9ro de t\u00e9l\u00e9phone, votre adresse \u00e9lectronique et des informations professionnelles.  \t\t\t\t\t\t\t\t<\/div>\n\t\t\t\t<\/div>\n\t\t\t\t<div class=\"elementor-element elementor-element-d2275e2 elementor-widget elementor-widget-spacer\" data-id=\"d2275e2\" data-element_type=\"widget\" data-e-type=\"widget\" data-widget_type=\"spacer.default\">\n\t\t\t\t<div class=\"elementor-widget-container\">\n\t\t\t\t\t\t\t<div class=\"elementor-spacer\">\n\t\t\t<div class=\"elementor-spacer-inner\"><\/div>\n\t\t<\/div>\n\t\t\t\t\t\t<\/div>\n\t\t\t\t<\/div>\n\t\t\t\t<div class=\"elementor-element elementor-element-187db53 elementor-widget elementor-widget-heading\" data-id=\"187db53\" data-element_type=\"widget\" data-e-type=\"widget\" data-widget_type=\"heading.default\">\n\t\t\t\t<div class=\"elementor-widget-container\">\n\t\t\t\t\t<h3 class=\"elementor-heading-title elementor-size-default\">Comment nous utilisons vos informations<\/h3>\t\t\t\t<\/div>\n\t\t\t\t<\/div>\n\t\t\t\t<div class=\"elementor-element elementor-element-5e6727a elementor-widget elementor-widget-text-editor\" data-id=\"5e6727a\" data-element_type=\"widget\" data-e-type=\"widget\" data-widget_type=\"text-editor.default\">\n\t\t\t\t<div class=\"elementor-widget-container\">\n\t\t\t\t\t\t\t\t\tNous utilisons vos informations pour :  \t\t\t\t\t\t\t\t<\/div>\n\t\t\t\t<\/div>\n\t\t\t\t<div class=\"elementor-element elementor-element-8faf795 elementor-widget elementor-widget-text-editor\" data-id=\"8faf795\" data-element_type=\"widget\" data-e-type=\"widget\" data-widget_type=\"text-editor.default\">\n\t\t\t\t<div class=\"elementor-widget-container\">\n\t\t\t\t\t\t\t\t\t<ul>\n<li>R\u00e9pondre \u00e0 vos demandes et fournir nos services<\/li>\n<li class=\"whitespace-normal break-words\">Am\u00e9liorer notre site web et nos services<\/li>\n<li class=\"whitespace-normal break-words\">vous envoyer des informations sur nos offres (si vous avez consenti \u00e0 recevoir ces communications)<\/li>\n<li class=\"whitespace-normal break-words\">Traiter les demandes d&#8217;emploi<\/li>\n<li class=\"whitespace-normal break-words\">Respecter les obligations l\u00e9galesProtection des donn\u00e9es<\/li>\n<\/ul>\t\t\t\t\t\t\t\t<\/div>\n\t\t\t\t<\/div>\n\t\t\t\t<div class=\"elementor-element elementor-element-58683df elementor-widget elementor-widget-text-editor\" data-id=\"58683df\" data-element_type=\"widget\" data-e-type=\"widget\" data-widget_type=\"text-editor.default\">\n\t\t\t\t<div class=\"elementor-widget-container\">\n\t\t\t\t\t\t\t\t\tNous mettons en \u0153uvre des mesures de s\u00e9curit\u00e9 appropri\u00e9es pour prot\u00e9ger vos informations contre l&rsquo;acc\u00e8s non autoris\u00e9, l&rsquo;alt\u00e9ration, la divulgation ou la destruction.  \t\t\t\t\t\t\t\t<\/div>\n\t\t\t\t<\/div>\n\t\t\t\t<div class=\"elementor-element elementor-element-2964c59 elementor-widget elementor-widget-heading\" data-id=\"2964c59\" data-element_type=\"widget\" data-e-type=\"widget\" data-widget_type=\"heading.default\">\n\t\t\t\t<div class=\"elementor-widget-container\">\n\t\t\t\t\t<h3 class=\"elementor-heading-title elementor-size-default\">Partage d'informations<\/h3>\t\t\t\t<\/div>\n\t\t\t\t<\/div>\n\t\t\t\t<div class=\"elementor-element elementor-element-048442e elementor-widget elementor-widget-text-editor\" data-id=\"048442e\" data-element_type=\"widget\" data-e-type=\"widget\" data-widget_type=\"text-editor.default\">\n\t\t\t\t<div class=\"elementor-widget-container\">\n\t\t\t\t\t\t\t\t\t<p>Nous ne vendons pas, n&rsquo;\u00e9changeons pas et ne transf\u00e9rons pas vos informations personnelles \u00e0 des tiers, sauf si cela est n\u00e9cessaire pour fournir nos services ou si la loi l&rsquo;exige.<\/p>\t\t\t\t\t\t\t\t<\/div>\n\t\t\t\t<\/div>\n\t\t\t\t<div class=\"elementor-element elementor-element-a67a524 elementor-widget elementor-widget-heading\" data-id=\"a67a524\" data-element_type=\"widget\" data-e-type=\"widget\" data-widget_type=\"heading.default\">\n\t\t\t\t<div class=\"elementor-widget-container\">\n\t\t\t\t\t<h3 class=\"elementor-heading-title elementor-size-default\">Cookies<\/h3>\t\t\t\t<\/div>\n\t\t\t\t<\/div>\n\t\t\t\t<div class=\"elementor-element elementor-element-1c9a50d elementor-widget elementor-widget-text-editor\" data-id=\"1c9a50d\" data-element_type=\"widget\" data-e-type=\"widget\" data-widget_type=\"text-editor.default\">\n\t\t\t\t<div class=\"elementor-widget-container\">\n\t\t\t\t\t\t\t\t\t<p>Notre site web peut utiliser des cookies pour am\u00e9liorer votre exp\u00e9rience de navigation. Vous pouvez choisir de d\u00e9sactiver les cookies dans les param\u00e8tres de votre navigateur. <\/p>\t\t\t\t\t\t\t\t<\/div>\n\t\t\t\t<\/div>\n\t\t\t\t<div class=\"elementor-element elementor-element-3fc1e76 elementor-widget elementor-widget-heading\" data-id=\"3fc1e76\" data-element_type=\"widget\" data-e-type=\"widget\" data-widget_type=\"heading.default\">\n\t\t\t\t<div class=\"elementor-widget-container\">\n\t\t\t\t\t<h3 class=\"elementor-heading-title elementor-size-default\">Vos droits<\/h3>\t\t\t\t<\/div>\n\t\t\t\t<\/div>\n\t\t\t\t<div class=\"elementor-element elementor-element-3b43351 elementor-widget elementor-widget-text-editor\" data-id=\"3b43351\" data-element_type=\"widget\" data-e-type=\"widget\" data-widget_type=\"text-editor.default\">\n\t\t\t\t<div class=\"elementor-widget-container\">\n\t\t\t\t\t\t\t\t\t<p>Conform\u00e9ment au r\u00e8glement g\u00e9n\u00e9ral sur la protection des donn\u00e9es (RGPD), vous disposez d&rsquo;un droit d&rsquo;acc\u00e8s, de rectification, d&rsquo;effacement de vos donn\u00e9es personnelles ou de limitation de leur traitement. Pour exercer ces droits, veuillez nous contacter en utilisant les informations fournies ci-dessous. <\/p>\t\t\t\t\t\t\t\t<\/div>\n\t\t\t\t<\/div>\n\t\t\t\t<div class=\"elementor-element elementor-element-503710c elementor-widget elementor-widget-heading\" data-id=\"503710c\" data-element_type=\"widget\" data-e-type=\"widget\" data-widget_type=\"heading.default\">\n\t\t\t\t<div class=\"elementor-widget-container\">\n\t\t\t\t\t<h3 class=\"elementor-heading-title elementor-size-default\">Modifications de la politique de confidentialit\u00e9<\/h3>\t\t\t\t<\/div>\n\t\t\t\t<\/div>\n\t\t\t\t<div class=\"elementor-element elementor-element-a9b0a03 elementor-widget elementor-widget-text-editor\" data-id=\"a9b0a03\" data-element_type=\"widget\" data-e-type=\"widget\" data-widget_type=\"text-editor.default\">\n\t\t\t\t<div class=\"elementor-widget-container\">\n\t\t\t\t\t\t\t\t\t<p>Nous nous r\u00e9servons le droit de modifier cette politique de confidentialit\u00e9 \u00e0 tout moment. Les modifications seront publi\u00e9es sur cette page avec une date de r\u00e9vision actualis\u00e9e. <\/p>\t\t\t\t\t\t\t\t<\/div>\n\t\t\t\t<\/div>\n\t\t\t\t<div class=\"elementor-element elementor-element-7a61e81 elementor-widget elementor-widget-heading\" data-id=\"7a61e81\" data-element_type=\"widget\" data-e-type=\"widget\" data-widget_type=\"heading.default\">\n\t\t\t\t<div class=\"elementor-widget-container\">\n\t\t\t\t\t<h3 class=\"elementor-heading-title elementor-size-default\">Contactez nous<\/h3>\t\t\t\t<\/div>\n\t\t\t\t<\/div>\n\t\t\t\t<div class=\"elementor-element elementor-element-10509de elementor-widget elementor-widget-text-editor\" data-id=\"10509de\" data-element_type=\"widget\" data-e-type=\"widget\" data-widget_type=\"text-editor.default\">\n\t\t\t\t<div class=\"elementor-widget-container\">\n\t\t\t\t\t\t\t\t\t<p class=\"whitespace-normal\">Pour toute question concernant cette politique de confidentialit\u00e9, veuillez nous contacter \u00e0 l&rsquo;adresse suivante :<\/p>\n<p class=\"whitespace-normal\">8h Groupe Bd Louis Schmidt 29 1040 Etterbeek, Belgique Email : <a href=\"mailto:hello@8amgroup.be\">hello@8amgroup.be<\/a><\/p>\t\t\t\t\t\t\t\t<\/div>\n\t\t\t\t<\/div>\n\t\t\t\t<div class=\"elementor-element elementor-element-9d25bc9 elementor-widget elementor-widget-text-editor\" data-id=\"9d25bc9\" data-element_type=\"widget\" data-e-type=\"widget\" data-widget_type=\"text-editor.default\">\n\t\t\t\t<div class=\"elementor-widget-container\">\n\t\t\t\t\t\t\t\t\t<p>Derni\u00e8re mise \u00e0 jour : 19 mai 2025<\/p>\t\t\t\t\t\t\t\t<\/div>\n\t\t\t\t<\/div>\n\t\t\t\t<\/div>\n\t\t\t\t\t<\/div>\n\t\t\t\t<\/div>\n\t\t\t\t<\/div>\n\t\t\t\t<\/div>\n\t\t","protected":false},"excerpt":{"rendered":"<p>Politique de confidentialit\u00e9 Le Groupe 8am s&rsquo;engage \u00e0 prot\u00e9ger la vie priv\u00e9e de ses clients et des visiteurs de son site Web. Cette politique de confidentialit\u00e9 explique comment nous recueillons, utilisons et prot\u00e9geons vos informations personnelles. Nous recueillons les informations que vous nous fournissez volontairement lorsque vous.. : Remplir un formulaire de contact Demander un [&hellip;]<\/p>\n","protected":false},"author":1,"featured_media":0,"parent":0,"menu_order":0,"comment_status":"closed","ping_status":"open","template":"","meta":{"footnotes":""},"class_list":["post-2754","page","type-page","status-publish","hentry"],"yoast_head":"<!-- This site is optimized with the Yoast SEO plugin v27.1.1 - https:\/\/yoast.com\/product\/yoast-seo-wordpress\/ -->\n<title>Politique de confidentialit\u00e9 - 8AM Group<\/title>\n<meta name=\"robots\" content=\"index, follow, max-snippet:-1, max-image-preview:large, max-video-preview:-1\" \/>\n<link rel=\"canonical\" href=\"https:\/\/8am-china.com\/fr\/politique-de-confidentialite\/\" \/>\n<meta property=\"og:locale\" content=\"fr_FR\" \/>\n<meta property=\"og:type\" content=\"article\" \/>\n<meta property=\"og:title\" content=\"Politique de confidentialit\u00e9 - 8AM Group\" \/>\n<meta property=\"og:description\" content=\"Politique de confidentialit\u00e9 Le Groupe 8am s&rsquo;engage \u00e0 prot\u00e9ger la vie priv\u00e9e de ses clients et des visiteurs de son site Web. Cette politique de confidentialit\u00e9 explique comment nous recueillons, utilisons et prot\u00e9geons vos informations personnelles. Nous recueillons les informations que vous nous fournissez volontairement lorsque vous.. : Remplir un formulaire de contact Demander un [&hellip;]\" \/>\n<meta property=\"og:url\" content=\"https:\/\/8am-china.com\/fr\/politique-de-confidentialite\/\" \/>\n<meta property=\"og:site_name\" content=\"8AM Group\" \/>\n<meta property=\"article:modified_time\" content=\"2025-06-16T09:13:18+00:00\" \/>\n<meta name=\"twitter:card\" content=\"summary_large_image\" \/>\n<meta name=\"twitter:label1\" content=\"Dur\u00e9e de lecture estim\u00e9e\" \/>\n\t<meta name=\"twitter:data1\" content=\"2 minutes\" \/>\n<script type=\"application\/ld+json\" class=\"yoast-schema-graph\">{\"@context\":\"https:\/\/schema.org\",\"@graph\":[{\"@type\":\"WebPage\",\"@id\":\"https:\/\/8am-china.com\/fr\/politique-de-confidentialite\/\",\"url\":\"https:\/\/8am-china.com\/fr\/politique-de-confidentialite\/\",\"name\":\"Politique de confidentialit\u00e9 - 8AM Group\",\"isPartOf\":{\"@id\":\"https:\/\/8am-china.com\/fr\/#website\"},\"primaryImageOfPage\":{\"@id\":\"https:\/\/8am-china.com\/fr\/politique-de-confidentialite\/#primaryimage\"},\"image\":{\"@id\":\"https:\/\/8am-china.com\/fr\/politique-de-confidentialite\/#primaryimage\"},\"thumbnailUrl\":\"https:\/\/8am-china.com\/wp-content\/uploads\/2025\/05\/2025_Logo_8AMChina_Icone-1.svg\",\"datePublished\":\"2025-05-12T04:01:38+00:00\",\"dateModified\":\"2025-06-16T09:13:18+00:00\",\"breadcrumb\":{\"@id\":\"https:\/\/8am-china.com\/fr\/politique-de-confidentialite\/#breadcrumb\"},\"inLanguage\":\"fr-FR\",\"potentialAction\":[{\"@type\":\"ReadAction\",\"target\":[\"https:\/\/8am-china.com\/fr\/politique-de-confidentialite\/\"]}]},{\"@type\":\"ImageObject\",\"inLanguage\":\"fr-FR\",\"@id\":\"https:\/\/8am-china.com\/fr\/politique-de-confidentialite\/#primaryimage\",\"url\":\"https:\/\/8am-china.com\/wp-content\/uploads\/2025\/05\/2025_Logo_8AMChina_Icone-1.svg\",\"contentUrl\":\"https:\/\/8am-china.com\/wp-content\/uploads\/2025\/05\/2025_Logo_8AMChina_Icone-1.svg\"},{\"@type\":\"BreadcrumbList\",\"@id\":\"https:\/\/8am-china.com\/fr\/politique-de-confidentialite\/#breadcrumb\",\"itemListElement\":[{\"@type\":\"ListItem\",\"position\":1,\"name\":\"Home\",\"item\":\"https:\/\/8am-china.com\/fr\/\"},{\"@type\":\"ListItem\",\"position\":2,\"name\":\"Politique de confidentialit\u00e9\"}]},{\"@type\":\"WebSite\",\"@id\":\"https:\/\/8am-china.com\/fr\/#website\",\"url\":\"https:\/\/8am-china.com\/fr\/\",\"name\":\"8AM Group\",\"description\":\"\",\"publisher\":{\"@id\":\"https:\/\/8am-china.com\/fr\/#organization\"},\"potentialAction\":[{\"@type\":\"SearchAction\",\"target\":{\"@type\":\"EntryPoint\",\"urlTemplate\":\"https:\/\/8am-china.com\/fr\/?s={search_term_string}\"},\"query-input\":{\"@type\":\"PropertyValueSpecification\",\"valueRequired\":true,\"valueName\":\"search_term_string\"}}],\"inLanguage\":\"fr-FR\"},{\"@type\":\"Organization\",\"@id\":\"https:\/\/8am-china.com\/fr\/#organization\",\"name\":\"8AM Group\",\"url\":\"https:\/\/8am-china.com\/fr\/\",\"logo\":{\"@type\":\"ImageObject\",\"inLanguage\":\"fr-FR\",\"@id\":\"https:\/\/8am-china.com\/fr\/#\/schema\/logo\/image\/\",\"url\":\"https:\/\/8am-china.com\/wp-content\/uploads\/2025\/05\/2025_Logo_8AMChina_Logo-horizontal-1.svg\",\"contentUrl\":\"https:\/\/8am-china.com\/wp-content\/uploads\/2025\/05\/2025_Logo_8AMChina_Logo-horizontal-1.svg\",\"width\":142,\"height\":38,\"caption\":\"8AM Group\"},\"image\":{\"@id\":\"https:\/\/8am-china.com\/fr\/#\/schema\/logo\/image\/\"}}]}<\/script>\n<!-- \/ Yoast SEO plugin. -->","yoast_head_json":{"title":"Politique de confidentialit\u00e9 - 8AM Group","robots":{"index":"index","follow":"follow","max-snippet":"max-snippet:-1","max-image-preview":"max-image-preview:large","max-video-preview":"max-video-preview:-1"},"canonical":"https:\/\/8am-china.com\/fr\/politique-de-confidentialite\/","og_locale":"fr_FR","og_type":"article","og_title":"Politique de confidentialit\u00e9 - 8AM Group","og_description":"Politique de confidentialit\u00e9 Le Groupe 8am s&rsquo;engage \u00e0 prot\u00e9ger la vie priv\u00e9e de ses clients et des visiteurs de son site Web. Cette politique de confidentialit\u00e9 explique comment nous recueillons, utilisons et prot\u00e9geons vos informations personnelles. Nous recueillons les informations que vous nous fournissez volontairement lorsque vous.. : Remplir un formulaire de contact Demander un [&hellip;]","og_url":"https:\/\/8am-china.com\/fr\/politique-de-confidentialite\/","og_site_name":"8AM Group","article_modified_time":"2025-06-16T09:13:18+00:00","twitter_card":"summary_large_image","twitter_misc":{"Dur\u00e9e de lecture estim\u00e9e":"2 minutes"},"schema":{"@context":"https:\/\/schema.org","@graph":[{"@type":"WebPage","@id":"https:\/\/8am-china.com\/fr\/politique-de-confidentialite\/","url":"https:\/\/8am-china.com\/fr\/politique-de-confidentialite\/","name":"Politique de confidentialit\u00e9 - 8AM Group","isPartOf":{"@id":"https:\/\/8am-china.com\/fr\/#website"},"primaryImageOfPage":{"@id":"https:\/\/8am-china.com\/fr\/politique-de-confidentialite\/#primaryimage"},"image":{"@id":"https:\/\/8am-china.com\/fr\/politique-de-confidentialite\/#primaryimage"},"thumbnailUrl":"https:\/\/8am-china.com\/wp-content\/uploads\/2025\/05\/2025_Logo_8AMChina_Icone-1.svg","datePublished":"2025-05-12T04:01:38+00:00","dateModified":"2025-06-16T09:13:18+00:00","breadcrumb":{"@id":"https:\/\/8am-china.com\/fr\/politique-de-confidentialite\/#breadcrumb"},"inLanguage":"fr-FR","potentialAction":[{"@type":"ReadAction","target":["https:\/\/8am-china.com\/fr\/politique-de-confidentialite\/"]}]},{"@type":"ImageObject","inLanguage":"fr-FR","@id":"https:\/\/8am-china.com\/fr\/politique-de-confidentialite\/#primaryimage","url":"https:\/\/8am-china.com\/wp-content\/uploads\/2025\/05\/2025_Logo_8AMChina_Icone-1.svg","contentUrl":"https:\/\/8am-china.com\/wp-content\/uploads\/2025\/05\/2025_Logo_8AMChina_Icone-1.svg"},{"@type":"BreadcrumbList","@id":"https:\/\/8am-china.com\/fr\/politique-de-confidentialite\/#breadcrumb","itemListElement":[{"@type":"ListItem","position":1,"name":"Home","item":"https:\/\/8am-china.com\/fr\/"},{"@type":"ListItem","position":2,"name":"Politique de confidentialit\u00e9"}]},{"@type":"WebSite","@id":"https:\/\/8am-china.com\/fr\/#website","url":"https:\/\/8am-china.com\/fr\/","name":"8AM Group","description":"","publisher":{"@id":"https:\/\/8am-china.com\/fr\/#organization"},"potentialAction":[{"@type":"SearchAction","target":{"@type":"EntryPoint","urlTemplate":"https:\/\/8am-china.com\/fr\/?s={search_term_string}"},"query-input":{"@type":"PropertyValueSpecification","valueRequired":true,"valueName":"search_term_string"}}],"inLanguage":"fr-FR"},{"@type":"Organization","@id":"https:\/\/8am-china.com\/fr\/#organization","name":"8AM Group","url":"https:\/\/8am-china.com\/fr\/","logo":{"@type":"ImageObject","inLanguage":"fr-FR","@id":"https:\/\/8am-china.com\/fr\/#\/schema\/logo\/image\/","url":"https:\/\/8am-china.com\/wp-content\/uploads\/2025\/05\/2025_Logo_8AMChina_Logo-horizontal-1.svg","contentUrl":"https:\/\/8am-china.com\/wp-content\/uploads\/2025\/05\/2025_Logo_8AMChina_Logo-horizontal-1.svg","width":142,"height":38,"caption":"8AM Group"},"image":{"@id":"https:\/\/8am-china.com\/fr\/#\/schema\/logo\/image\/"}}]}},"_links":{"self":[{"href":"https:\/\/8am-china.com\/fr\/wp-json\/wp\/v2\/pages\/2754","targetHints":{"allow":["GET"]}}],"collection":[{"href":"https:\/\/8am-china.com\/fr\/wp-json\/wp\/v2\/pages"}],"about":[{"href":"https:\/\/8am-china.com\/fr\/wp-json\/wp\/v2\/types\/page"}],"author":[{"embeddable":true,"href":"https:\/\/8am-china.com\/fr\/wp-json\/wp\/v2\/users\/1"}],"replies":[{"embeddable":true,"href":"https:\/\/8am-china.com\/fr\/wp-json\/wp\/v2\/comments?post=2754"}],"version-history":[{"count":0,"href":"https:\/\/8am-china.com\/fr\/wp-json\/wp\/v2\/pages\/2754\/revisions"}],"wp:attachment":[{"href":"https:\/\/8am-china.com\/fr\/wp-json\/wp\/v2\/media?parent=2754"}],"curies":[{"name":"wp","href":"https:\/\/api.w.org\/{rel}","templated":true}]}}