{"id":2756,"date":"2025-05-12T10:37:16","date_gmt":"2025-05-12T10:37:16","guid":{"rendered":"https:\/\/8am-china.com\/avis-juridique\/"},"modified":"2025-06-16T09:13:34","modified_gmt":"2025-06-16T09:13:34","slug":"avis-juridique","status":"publish","type":"page","link":"https:\/\/8am-china.com\/fr\/avis-juridique\/","title":{"rendered":"Avis juridique"},"content":{"rendered":"\t\t<div data-elementor-type=\"wp-page\" data-elementor-id=\"2756\" class=\"elementor elementor-2756 elementor-78\" data-elementor-post-type=\"page\">\n\t\t\t\t<div class=\"elementor-element elementor-element-e0a3d87 e-con-full e-flex e-con e-parent\" data-id=\"e0a3d87\" data-element_type=\"container\" data-e-type=\"container\" data-settings=\"{&quot;background_background&quot;:&quot;classic&quot;,&quot;jet_parallax_layout_list&quot;:[]}\">\n\t\t\t\t<div class=\"elementor-element elementor-element-153701c elementor-absolute elementor-widget elementor-widget-image\" data-id=\"153701c\" data-element_type=\"widget\" data-e-type=\"widget\" data-settings=\"{&quot;_position&quot;:&quot;absolute&quot;}\" data-widget_type=\"image.default\">\n\t\t\t\t<div class=\"elementor-widget-container\">\n\t\t\t\t\t\t\t\t\t\t\t\t\t\t\t<img fetchpriority=\"high\" decoding=\"async\" width=\"410\" height=\"654\" src=\"https:\/\/8am-china.com\/wp-content\/uploads\/2025\/05\/2025_Logo_8AMChina_Icone-1.svg\" class=\"attachment-large size-large wp-image-2661\" alt=\"\" \/>\t\t\t\t\t\t\t\t\t\t\t\t\t\t\t<\/div>\n\t\t\t\t<\/div>\n\t\t\t\t<div class=\"elementor-element elementor-element-4e0298c elementor-absolute elementor-widget elementor-widget-image\" data-id=\"4e0298c\" data-element_type=\"widget\" data-e-type=\"widget\" data-settings=\"{&quot;_position&quot;:&quot;absolute&quot;}\" data-widget_type=\"image.default\">\n\t\t\t\t<div class=\"elementor-widget-container\">\n\t\t\t\t\t\t\t\t\t\t\t\t\t\t\t<img decoding=\"async\" width=\"272\" height=\"671\" src=\"https:\/\/8am-china.com\/wp-content\/uploads\/2025\/05\/2025_Logo_8AMChina_Icone-2.svg\" class=\"attachment-large size-large wp-image-2662\" alt=\"\" \/>\t\t\t\t\t\t\t\t\t\t\t\t\t\t\t<\/div>\n\t\t\t\t<\/div>\n\t\t<div class=\"elementor-element elementor-element-112392e e-flex e-con-boxed e-con e-child\" data-id=\"112392e\" data-element_type=\"container\" data-e-type=\"container\" data-settings=\"{&quot;jet_parallax_layout_list&quot;:[]}\">\n\t\t\t\t\t<div class=\"e-con-inner\">\n\t\t<div class=\"elementor-element elementor-element-94ce8a6 e-con-full e-flex e-con e-child\" data-id=\"94ce8a6\" data-element_type=\"container\" data-e-type=\"container\" data-settings=\"{&quot;background_background&quot;:&quot;classic&quot;,&quot;jet_parallax_layout_list&quot;:[]}\">\n\t\t\t\t<div class=\"elementor-element elementor-element-3400269 elementor-widget elementor-widget-heading\" data-id=\"3400269\" data-element_type=\"widget\" data-e-type=\"widget\" data-widget_type=\"heading.default\">\n\t\t\t\t<div class=\"elementor-widget-container\">\n\t\t\t\t\t<h2 class=\"elementor-heading-title elementor-size-default\">INFORMATIONS JURIDIQUES<\/h2>\t\t\t\t<\/div>\n\t\t\t\t<\/div>\n\t\t\t\t<div class=\"elementor-element elementor-element-88b6ea8 elementor-widget elementor-widget-text-editor\" data-id=\"88b6ea8\" data-element_type=\"widget\" data-e-type=\"widget\" data-widget_type=\"text-editor.default\">\n\t\t\t\t<div class=\"elementor-widget-container\">\n\t\t\t\t\t\t\t\t\t<p>Site web Editeur : 8am Group Bd Louis Schmidt 29 1040 Etterbeek, Belgique Email : <a href=\"mailto:hello@8amgroup.be\">hello@8amgroup.be<\/a> Num\u00e9ro de TVA : BE 0763.923.005 Num\u00e9ro d&rsquo;enregistrement de la soci\u00e9t\u00e9 : 0763.923.005<\/p>\t\t\t\t\t\t\t\t<\/div>\n\t\t\t\t<\/div>\n\t\t\t\t<div class=\"elementor-element elementor-element-cadce01 elementor-widget elementor-widget-spacer\" data-id=\"cadce01\" data-element_type=\"widget\" data-e-type=\"widget\" data-widget_type=\"spacer.default\">\n\t\t\t\t<div class=\"elementor-widget-container\">\n\t\t\t\t\t\t\t<div class=\"elementor-spacer\">\n\t\t\t<div class=\"elementor-spacer-inner\"><\/div>\n\t\t<\/div>\n\t\t\t\t\t\t<\/div>\n\t\t\t\t<\/div>\n\t\t\t\t<div class=\"elementor-element elementor-element-341d5b7 elementor-widget elementor-widget-heading\" data-id=\"341d5b7\" data-element_type=\"widget\" data-e-type=\"widget\" data-widget_type=\"heading.default\">\n\t\t\t\t<div class=\"elementor-widget-container\">\n\t\t\t\t\t<h3 class=\"elementor-heading-title elementor-size-default\">H\u00c9BERGEMENT DE SITES WEB<\/h3>\t\t\t\t<\/div>\n\t\t\t\t<\/div>\n\t\t\t\t<div class=\"elementor-element elementor-element-e0ddd9c elementor-widget elementor-widget-text-editor\" data-id=\"e0ddd9c\" data-element_type=\"widget\" data-e-type=\"widget\" data-widget_type=\"text-editor.default\">\n\t\t\t\t<div class=\"elementor-widget-container\">\n\t\t\t\t\t\t\t\t\t<p>Le site est h\u00e9berg\u00e9 par : Hostinger International Ltd. 61 Lordou Vironos Street 6023 Larnaca, Chypre Site web : <a href=\"http:\/\/www.hostinger.com\">www.hostinger.com<\/a><\/p>\t\t\t\t\t\t\t\t<\/div>\n\t\t\t\t<\/div>\n\t\t\t\t<div class=\"elementor-element elementor-element-ce9aa49 elementor-widget elementor-widget-heading\" data-id=\"ce9aa49\" data-element_type=\"widget\" data-e-type=\"widget\" data-widget_type=\"heading.default\">\n\t\t\t\t<div class=\"elementor-widget-container\">\n\t\t\t\t\t<h3 class=\"elementor-heading-title elementor-size-default\">ACC\u00c8S ET UTILISATION DU SITE WEB<\/h3>\t\t\t\t<\/div>\n\t\t\t\t<\/div>\n\t\t\t\t<div class=\"elementor-element elementor-element-0b9d87d elementor-widget elementor-widget-text-editor\" data-id=\"0b9d87d\" data-element_type=\"widget\" data-e-type=\"widget\" data-widget_type=\"text-editor.default\">\n\t\t\t\t<div class=\"elementor-widget-container\">\n\t\t\t\t\t\t\t\t\t<p>Le site est accessible aux utilisateurs 24 heures sur 24, 7 jours sur 7, sauf en cas de force majeure, de maintenance programm\u00e9e ou non, ou d&rsquo;\u00e9v\u00e9nements ind\u00e9pendants de la volont\u00e9 du Groupe 8am.<\/p><p>La responsabilit\u00e9 du Groupe 8am ne saurait \u00eatre engag\u00e9e pour tous les inconv\u00e9nients ou dommages inh\u00e9rents \u00e0 l&rsquo;utilisation du r\u00e9seau Internet, notamment une rupture de service, une intrusion ext\u00e9rieure ou la pr\u00e9sence de virus informatiques.<\/p>\t\t\t\t\t\t\t\t<\/div>\n\t\t\t\t<\/div>\n\t\t\t\t<div class=\"elementor-element elementor-element-da732ad elementor-widget elementor-widget-heading\" data-id=\"da732ad\" data-element_type=\"widget\" data-e-type=\"widget\" data-widget_type=\"heading.default\">\n\t\t\t\t<div class=\"elementor-widget-container\">\n\t\t\t\t\t<h3 class=\"elementor-heading-title elementor-size-default\">CONTENU ET SERVICES<\/h3>\t\t\t\t<\/div>\n\t\t\t\t<\/div>\n\t\t\t\t<div class=\"elementor-element elementor-element-57e776c elementor-widget elementor-widget-text-editor\" data-id=\"57e776c\" data-element_type=\"widget\" data-e-type=\"widget\" data-widget_type=\"text-editor.default\">\n\t\t\t\t<div class=\"elementor-widget-container\">\n\t\t\t\t\t\t\t\t\t<p>Le Groupe 8am s&rsquo;efforce de fournir des informations exactes et \u00e0 jour sur son site web. Toutefois, il ne peut garantir l&rsquo;exactitude, l&rsquo;exhaustivit\u00e9 ou l&rsquo;actualit\u00e9 des informations fournies. Le Groupe 8am se r\u00e9serve le droit de corriger ou de modifier le contenu \u00e0 tout moment et sans pr\u00e9avis.  <\/p><p>Les liens hypertextes pr\u00e9sents sur le site peuvent orienter les utilisateurs vers des sites ext\u00e9rieurs sur lesquels 8am Group n&rsquo;a aucun contr\u00f4le. Le Groupe 8am d\u00e9cline toute responsabilit\u00e9 quant au contenu de ces sites externes et des liens qu&rsquo;ils contiennent. <\/p>\t\t\t\t\t\t\t\t<\/div>\n\t\t\t\t<\/div>\n\t\t\t\t<div class=\"elementor-element elementor-element-4b4d468 elementor-widget elementor-widget-heading\" data-id=\"4b4d468\" data-element_type=\"widget\" data-e-type=\"widget\" data-widget_type=\"heading.default\">\n\t\t\t\t<div class=\"elementor-widget-container\">\n\t\t\t\t\t<h3 class=\"elementor-heading-title elementor-size-default\">LA PROPRI\u00c9T\u00c9 INTELLECTUELLE<\/h3>\t\t\t\t<\/div>\n\t\t\t\t<\/div>\n\t\t\t\t<div class=\"elementor-element elementor-element-d534c35 elementor-widget elementor-widget-text-editor\" data-id=\"d534c35\" data-element_type=\"widget\" data-e-type=\"widget\" data-widget_type=\"text-editor.default\">\n\t\t\t\t<div class=\"elementor-widget-container\">\n\t\t\t\t\t\t\t\t\t<p>Tous les \u00e9l\u00e9ments de ce site, notamment les textes, images, graphismes, logos, ic\u00f4nes, sons, logiciels et identit\u00e9s visuelles sont prot\u00e9g\u00e9s par des droits de propri\u00e9t\u00e9 intellectuelle d\u00e9tenus par le Groupe 8am ou ses partenaires.<\/p><p>Toute reproduction, repr\u00e9sentation, modification, publication, adaptation ou exploitation de tout ou partie des \u00e9l\u00e9ments du site, quel que soit le moyen ou le proc\u00e9d\u00e9 utilis\u00e9, est interdite, sauf autorisation \u00e9crite pr\u00e9alable de 8am Group.<\/p>\t\t\t\t\t\t\t\t<\/div>\n\t\t\t\t<\/div>\n\t\t\t\t<div class=\"elementor-element elementor-element-69a6377 elementor-widget elementor-widget-heading\" data-id=\"69a6377\" data-element_type=\"widget\" data-e-type=\"widget\" data-widget_type=\"heading.default\">\n\t\t\t\t<div class=\"elementor-widget-container\">\n\t\t\t\t\t<h3 class=\"elementor-heading-title elementor-size-default\">PROTECTION DES DONN\u00c9ES PERSONNELLES<\/h3>\t\t\t\t<\/div>\n\t\t\t\t<\/div>\n\t\t\t\t<div class=\"elementor-element elementor-element-ea760fa elementor-widget elementor-widget-text-editor\" data-id=\"ea760fa\" data-element_type=\"widget\" data-e-type=\"widget\" data-widget_type=\"text-editor.default\">\n\t\t\t\t<div class=\"elementor-widget-container\">\n\t\t\t\t\t\t\t\t\t<p>Le Groupe 8am s&rsquo;engage \u00e0 respecter la vie priv\u00e9e des utilisateurs de son site web. Pour plus d&rsquo;informations sur la collecte et le traitement des donn\u00e9es personnelles, veuillez consulter notre Politique de confidentialit\u00e9. <\/p>\t\t\t\t\t\t\t\t<\/div>\n\t\t\t\t<\/div>\n\t\t\t\t<div class=\"elementor-element elementor-element-0814867 elementor-widget elementor-widget-heading\" data-id=\"0814867\" data-element_type=\"widget\" data-e-type=\"widget\" data-widget_type=\"heading.default\">\n\t\t\t\t<div class=\"elementor-widget-container\">\n\t\t\t\t\t<h3 class=\"elementor-heading-title elementor-size-default\">COOKIES<\/h3>\t\t\t\t<\/div>\n\t\t\t\t<\/div>\n\t\t\t\t<div class=\"elementor-element elementor-element-9dc9abe elementor-widget elementor-widget-text-editor\" data-id=\"9dc9abe\" data-element_type=\"widget\" data-e-type=\"widget\" data-widget_type=\"text-editor.default\">\n\t\t\t\t<div class=\"elementor-widget-container\">\n\t\t\t\t\t\t\t\t\t<p>Le site Web du Groupe 8am peut utiliser des cookies &#8211; de petits fichiers texte stock\u00e9s sur votre appareil qui nous permettent de reconna\u00eetre votre navigateur lorsque vous visitez notre site Web. Vous pouvez configurer votre navigateur pour qu&rsquo;il vous avertisse de la r\u00e9ception d&rsquo;un cookie et qu&rsquo;il vous permette de l&rsquo;accepter ou non. Vous pouvez \u00e9galement supprimer les cookies d\u00e9j\u00e0 stock\u00e9s sur votre appareil.  <\/p>\t\t\t\t\t\t\t\t<\/div>\n\t\t\t\t<\/div>\n\t\t\t\t<div class=\"elementor-element elementor-element-f1aad66 elementor-widget elementor-widget-heading\" data-id=\"f1aad66\" data-element_type=\"widget\" data-e-type=\"widget\" data-widget_type=\"heading.default\">\n\t\t\t\t<div class=\"elementor-widget-container\">\n\t\t\t\t\t<h3 class=\"elementor-heading-title elementor-size-default\">DROIT APPLICABLE ET JURIDICTION<\/h3>\t\t\t\t<\/div>\n\t\t\t\t<\/div>\n\t\t\t\t<div class=\"elementor-element elementor-element-2a74324 elementor-widget elementor-widget-text-editor\" data-id=\"2a74324\" data-element_type=\"widget\" data-e-type=\"widget\" data-widget_type=\"text-editor.default\">\n\t\t\t\t<div class=\"elementor-widget-container\">\n\t\t\t\t\t\t\t\t\t<p>Les pr\u00e9sentes conditions g\u00e9n\u00e9rales sont r\u00e9gies par le droit belge. En cas de litige et apr\u00e8s une tentative de solution \u00e0 l&rsquo;amiable, les tribunaux de Bruxelles sont exclusivement comp\u00e9tents. <\/p>\t\t\t\t\t\t\t\t<\/div>\n\t\t\t\t<\/div>\n\t\t\t\t<div class=\"elementor-element elementor-element-82918a9 elementor-widget elementor-widget-heading\" data-id=\"82918a9\" data-element_type=\"widget\" data-e-type=\"widget\" data-widget_type=\"heading.default\">\n\t\t\t\t<div class=\"elementor-widget-container\">\n\t\t\t\t\t<h3 class=\"elementor-heading-title elementor-size-default\">MODIFICATIONS<\/h3>\t\t\t\t<\/div>\n\t\t\t\t<\/div>\n\t\t\t\t<div class=\"elementor-element elementor-element-9293a81 elementor-widget elementor-widget-text-editor\" data-id=\"9293a81\" data-element_type=\"widget\" data-e-type=\"widget\" data-widget_type=\"text-editor.default\">\n\t\t\t\t<div class=\"elementor-widget-container\">\n\t\t\t\t\t\t\t\t\t<p>Le Groupe 8am se r\u00e9serve le droit de modifier ou de mettre \u00e0 jour les pr\u00e9sentes mentions l\u00e9gales \u00e0 tout moment. Les utilisateurs sont invit\u00e9s \u00e0 consulter r\u00e9guli\u00e8rement cette page pour se tenir inform\u00e9s de tout changement. <\/p>\t\t\t\t\t\t\t\t<\/div>\n\t\t\t\t<\/div>\n\t\t\t\t<div class=\"elementor-element elementor-element-89b6c2d elementor-widget elementor-widget-text-editor\" data-id=\"89b6c2d\" data-element_type=\"widget\" data-e-type=\"widget\" data-widget_type=\"text-editor.default\">\n\t\t\t\t<div class=\"elementor-widget-container\">\n\t\t\t\t\t\t\t\t\tDerni\u00e8re mise \u00e0 jour : 19 mai 2025  \t\t\t\t\t\t\t\t<\/div>\n\t\t\t\t<\/div>\n\t\t\t\t<\/div>\n\t\t\t\t\t<\/div>\n\t\t\t\t<\/div>\n\t\t\t\t<\/div>\n\t\t\t\t<\/div>\n\t\t","protected":false},"excerpt":{"rendered":"<p>INFORMATIONS JURIDIQUES Site web Editeur : 8am Group Bd Louis Schmidt 29 1040 Etterbeek, Belgique Email : hello@8amgroup.be Num\u00e9ro de TVA : BE 0763.923.005 Num\u00e9ro d&rsquo;enregistrement de la soci\u00e9t\u00e9 : 0763.923.005 H\u00c9BERGEMENT DE SITES WEB Le site est h\u00e9berg\u00e9 par : Hostinger International Ltd. 61 Lordou Vironos Street 6023 Larnaca, Chypre Site web : www.hostinger.com [&hellip;]<\/p>\n","protected":false},"author":1,"featured_media":0,"parent":0,"menu_order":0,"comment_status":"closed","ping_status":"closed","template":"","meta":{"footnotes":""},"class_list":["post-2756","page","type-page","status-publish","hentry"],"yoast_head":"<!-- This site is optimized with the Yoast SEO plugin v27.1.1 - https:\/\/yoast.com\/product\/yoast-seo-wordpress\/ -->\n<title>Avis juridique - 8AM Group<\/title>\n<meta name=\"robots\" content=\"index, follow, max-snippet:-1, max-image-preview:large, max-video-preview:-1\" \/>\n<link rel=\"canonical\" href=\"https:\/\/8am-china.com\/fr\/avis-juridique\/\" \/>\n<meta property=\"og:locale\" content=\"fr_FR\" \/>\n<meta property=\"og:type\" content=\"article\" \/>\n<meta property=\"og:title\" content=\"Avis juridique - 8AM Group\" \/>\n<meta property=\"og:description\" content=\"INFORMATIONS JURIDIQUES Site web Editeur : 8am Group Bd Louis Schmidt 29 1040 Etterbeek, Belgique Email : hello@8amgroup.be Num\u00e9ro de TVA : BE 0763.923.005 Num\u00e9ro d&rsquo;enregistrement de la soci\u00e9t\u00e9 : 0763.923.005 H\u00c9BERGEMENT DE SITES WEB Le site est h\u00e9berg\u00e9 par : Hostinger International Ltd. 61 Lordou Vironos Street 6023 Larnaca, Chypre Site web : www.hostinger.com [&hellip;]\" \/>\n<meta property=\"og:url\" content=\"https:\/\/8am-china.com\/fr\/avis-juridique\/\" \/>\n<meta property=\"og:site_name\" content=\"8AM Group\" \/>\n<meta property=\"article:modified_time\" content=\"2025-06-16T09:13:34+00:00\" \/>\n<meta name=\"twitter:card\" content=\"summary_large_image\" \/>\n<meta name=\"twitter:label1\" content=\"Dur\u00e9e de lecture estim\u00e9e\" \/>\n\t<meta name=\"twitter:data1\" content=\"3 minutes\" \/>\n<script type=\"application\/ld+json\" class=\"yoast-schema-graph\">{\"@context\":\"https:\/\/schema.org\",\"@graph\":[{\"@type\":\"WebPage\",\"@id\":\"https:\/\/8am-china.com\/fr\/avis-juridique\/\",\"url\":\"https:\/\/8am-china.com\/fr\/avis-juridique\/\",\"name\":\"Avis juridique - 8AM Group\",\"isPartOf\":{\"@id\":\"https:\/\/8am-china.com\/fr\/#website\"},\"primaryImageOfPage\":{\"@id\":\"https:\/\/8am-china.com\/fr\/avis-juridique\/#primaryimage\"},\"image\":{\"@id\":\"https:\/\/8am-china.com\/fr\/avis-juridique\/#primaryimage\"},\"thumbnailUrl\":\"https:\/\/8am-china.com\/wp-content\/uploads\/2025\/05\/2025_Logo_8AMChina_Icone-1.svg\",\"datePublished\":\"2025-05-12T10:37:16+00:00\",\"dateModified\":\"2025-06-16T09:13:34+00:00\",\"breadcrumb\":{\"@id\":\"https:\/\/8am-china.com\/fr\/avis-juridique\/#breadcrumb\"},\"inLanguage\":\"fr-FR\",\"potentialAction\":[{\"@type\":\"ReadAction\",\"target\":[\"https:\/\/8am-china.com\/fr\/avis-juridique\/\"]}]},{\"@type\":\"ImageObject\",\"inLanguage\":\"fr-FR\",\"@id\":\"https:\/\/8am-china.com\/fr\/avis-juridique\/#primaryimage\",\"url\":\"https:\/\/8am-china.com\/wp-content\/uploads\/2025\/05\/2025_Logo_8AMChina_Icone-1.svg\",\"contentUrl\":\"https:\/\/8am-china.com\/wp-content\/uploads\/2025\/05\/2025_Logo_8AMChina_Icone-1.svg\"},{\"@type\":\"BreadcrumbList\",\"@id\":\"https:\/\/8am-china.com\/fr\/avis-juridique\/#breadcrumb\",\"itemListElement\":[{\"@type\":\"ListItem\",\"position\":1,\"name\":\"Home\",\"item\":\"https:\/\/8am-china.com\/fr\/\"},{\"@type\":\"ListItem\",\"position\":2,\"name\":\"Avis juridique\"}]},{\"@type\":\"WebSite\",\"@id\":\"https:\/\/8am-china.com\/fr\/#website\",\"url\":\"https:\/\/8am-china.com\/fr\/\",\"name\":\"8AM Group\",\"description\":\"\",\"publisher\":{\"@id\":\"https:\/\/8am-china.com\/fr\/#organization\"},\"potentialAction\":[{\"@type\":\"SearchAction\",\"target\":{\"@type\":\"EntryPoint\",\"urlTemplate\":\"https:\/\/8am-china.com\/fr\/?s={search_term_string}\"},\"query-input\":{\"@type\":\"PropertyValueSpecification\",\"valueRequired\":true,\"valueName\":\"search_term_string\"}}],\"inLanguage\":\"fr-FR\"},{\"@type\":\"Organization\",\"@id\":\"https:\/\/8am-china.com\/fr\/#organization\",\"name\":\"8AM Group\",\"url\":\"https:\/\/8am-china.com\/fr\/\",\"logo\":{\"@type\":\"ImageObject\",\"inLanguage\":\"fr-FR\",\"@id\":\"https:\/\/8am-china.com\/fr\/#\/schema\/logo\/image\/\",\"url\":\"https:\/\/8am-china.com\/wp-content\/uploads\/2025\/05\/2025_Logo_8AMChina_Logo-horizontal-1.svg\",\"contentUrl\":\"https:\/\/8am-china.com\/wp-content\/uploads\/2025\/05\/2025_Logo_8AMChina_Logo-horizontal-1.svg\",\"width\":142,\"height\":38,\"caption\":\"8AM Group\"},\"image\":{\"@id\":\"https:\/\/8am-china.com\/fr\/#\/schema\/logo\/image\/\"}}]}<\/script>\n<!-- \/ Yoast SEO plugin. -->","yoast_head_json":{"title":"Avis juridique - 8AM Group","robots":{"index":"index","follow":"follow","max-snippet":"max-snippet:-1","max-image-preview":"max-image-preview:large","max-video-preview":"max-video-preview:-1"},"canonical":"https:\/\/8am-china.com\/fr\/avis-juridique\/","og_locale":"fr_FR","og_type":"article","og_title":"Avis juridique - 8AM Group","og_description":"INFORMATIONS JURIDIQUES Site web Editeur : 8am Group Bd Louis Schmidt 29 1040 Etterbeek, Belgique Email : hello@8amgroup.be Num\u00e9ro de TVA : BE 0763.923.005 Num\u00e9ro d&rsquo;enregistrement de la soci\u00e9t\u00e9 : 0763.923.005 H\u00c9BERGEMENT DE SITES WEB Le site est h\u00e9berg\u00e9 par : Hostinger International Ltd. 61 Lordou Vironos Street 6023 Larnaca, Chypre Site web : www.hostinger.com [&hellip;]","og_url":"https:\/\/8am-china.com\/fr\/avis-juridique\/","og_site_name":"8AM Group","article_modified_time":"2025-06-16T09:13:34+00:00","twitter_card":"summary_large_image","twitter_misc":{"Dur\u00e9e de lecture estim\u00e9e":"3 minutes"},"schema":{"@context":"https:\/\/schema.org","@graph":[{"@type":"WebPage","@id":"https:\/\/8am-china.com\/fr\/avis-juridique\/","url":"https:\/\/8am-china.com\/fr\/avis-juridique\/","name":"Avis juridique - 8AM Group","isPartOf":{"@id":"https:\/\/8am-china.com\/fr\/#website"},"primaryImageOfPage":{"@id":"https:\/\/8am-china.com\/fr\/avis-juridique\/#primaryimage"},"image":{"@id":"https:\/\/8am-china.com\/fr\/avis-juridique\/#primaryimage"},"thumbnailUrl":"https:\/\/8am-china.com\/wp-content\/uploads\/2025\/05\/2025_Logo_8AMChina_Icone-1.svg","datePublished":"2025-05-12T10:37:16+00:00","dateModified":"2025-06-16T09:13:34+00:00","breadcrumb":{"@id":"https:\/\/8am-china.com\/fr\/avis-juridique\/#breadcrumb"},"inLanguage":"fr-FR","potentialAction":[{"@type":"ReadAction","target":["https:\/\/8am-china.com\/fr\/avis-juridique\/"]}]},{"@type":"ImageObject","inLanguage":"fr-FR","@id":"https:\/\/8am-china.com\/fr\/avis-juridique\/#primaryimage","url":"https:\/\/8am-china.com\/wp-content\/uploads\/2025\/05\/2025_Logo_8AMChina_Icone-1.svg","contentUrl":"https:\/\/8am-china.com\/wp-content\/uploads\/2025\/05\/2025_Logo_8AMChina_Icone-1.svg"},{"@type":"BreadcrumbList","@id":"https:\/\/8am-china.com\/fr\/avis-juridique\/#breadcrumb","itemListElement":[{"@type":"ListItem","position":1,"name":"Home","item":"https:\/\/8am-china.com\/fr\/"},{"@type":"ListItem","position":2,"name":"Avis juridique"}]},{"@type":"WebSite","@id":"https:\/\/8am-china.com\/fr\/#website","url":"https:\/\/8am-china.com\/fr\/","name":"8AM Group","description":"","publisher":{"@id":"https:\/\/8am-china.com\/fr\/#organization"},"potentialAction":[{"@type":"SearchAction","target":{"@type":"EntryPoint","urlTemplate":"https:\/\/8am-china.com\/fr\/?s={search_term_string}"},"query-input":{"@type":"PropertyValueSpecification","valueRequired":true,"valueName":"search_term_string"}}],"inLanguage":"fr-FR"},{"@type":"Organization","@id":"https:\/\/8am-china.com\/fr\/#organization","name":"8AM Group","url":"https:\/\/8am-china.com\/fr\/","logo":{"@type":"ImageObject","inLanguage":"fr-FR","@id":"https:\/\/8am-china.com\/fr\/#\/schema\/logo\/image\/","url":"https:\/\/8am-china.com\/wp-content\/uploads\/2025\/05\/2025_Logo_8AMChina_Logo-horizontal-1.svg","contentUrl":"https:\/\/8am-china.com\/wp-content\/uploads\/2025\/05\/2025_Logo_8AMChina_Logo-horizontal-1.svg","width":142,"height":38,"caption":"8AM Group"},"image":{"@id":"https:\/\/8am-china.com\/fr\/#\/schema\/logo\/image\/"}}]}},"_links":{"self":[{"href":"https:\/\/8am-china.com\/fr\/wp-json\/wp\/v2\/pages\/2756","targetHints":{"allow":["GET"]}}],"collection":[{"href":"https:\/\/8am-china.com\/fr\/wp-json\/wp\/v2\/pages"}],"about":[{"href":"https:\/\/8am-china.com\/fr\/wp-json\/wp\/v2\/types\/page"}],"author":[{"embeddable":true,"href":"https:\/\/8am-china.com\/fr\/wp-json\/wp\/v2\/users\/1"}],"replies":[{"embeddable":true,"href":"https:\/\/8am-china.com\/fr\/wp-json\/wp\/v2\/comments?post=2756"}],"version-history":[{"count":0,"href":"https:\/\/8am-china.com\/fr\/wp-json\/wp\/v2\/pages\/2756\/revisions"}],"wp:attachment":[{"href":"https:\/\/8am-china.com\/fr\/wp-json\/wp\/v2\/media?parent=2756"}],"curies":[{"name":"wp","href":"https:\/\/api.w.org\/{rel}","templated":true}]}}